{"id":6237,"date":"2021-08-08T23:19:52","date_gmt":"2021-08-08T23:19:52","guid":{"rendered":"http:\/\/108.128.227.246.nip.io\/?page_id=6237"},"modified":"2023-10-10T23:32:53","modified_gmt":"2023-10-10T22:32:53","slug":"web-analytics","status":"publish","type":"page","link":"https:\/\/targetwing.com\/it\/servizi\/web-analytics\/","title":{"rendered":"Web Analytics"},"content":{"rendered":"<div  class=\"tatsu-Hkrt-npyK tatsu-section  tatsu-fullscreen tatsu-bg-overlay   tatsu-clearfix\" data-title=\"\"  data-headerscheme=\"background--dark\"><div class=\"tatsu-fullscreen-wrap\"><div class='tatsu-section-pad clearfix' data-padding='{\"d\":\"90px 0% 90px 0%\"}' data-padding-top='90px'><div class=\"tatsu-row-wrap  tatsu-wrap tatsu-row-has-one-half tatsu-row-has-two-cols tatsu-medium-gutter tatsu-reg-cols  tatsu-clearfix tatsu-BkeBKb3Tyt\" ><div  class=\"tatsu-row \" ><div  class=\"tatsu-column  tatsu-column-no-bg tatsu-one-half tatsu-column-image-none tatsu-column-effect-none  tatsu-HkZBY-2akF\"  data-parallax-speed=\"0\" style=\"\"><div class=\"tatsu-column-inner \" ><div class=\"tatsu-column-pad-wrap\"><div class=\"tatsu-column-pad\" ><div  class=\"tatsu-module tatsu-inline-text clearfix tatsu-rkGrY-hTJF   \" ><style>.tatsu-rkGrY-hTJF .tatsu-inline-text-inner{width: 100%;text-align: left;}<\/style><div class=\"tatsu-inline-text-inner tatsu-align-center\">\n<h1><span style=\"color: #ffffff;\">Consulenza di Web Analytics<\/span><\/h1>\n<p><span style=\"color: #ffffff;\">Se stai cercando un esperto consulente di web analytics per migliorare la tua comprensione dei dati online, sei nel posto giusto. Siamo qui per aiutarti a ottenere il massimo dalla tua presenza online, fornendoti servizi di web analytics di alta qualit&agrave;. Come consulenti ci siamo focalizzati su una gamma di servizi essenziali che includono la configurazione di Google Tag Manager (Client e Server Side), la configurazione&nbsp; di Google Analytics 4 e l&#8217;audit di Google Analytics 4 per garantire la conformit&agrave; al GDPR.<\/span><\/p>\n<\/div><\/div><div  class=\"tatsu-module tatsu-normal-button tatsu-button-wrap   tatsu-By4StZnTkY   \"><a class=\"tatsu-shortcode mediumbtn tatsu-button left-icon    bg-animation-none  \" href=\"\/it\/contatti\" style= \"\"  aria-label=\"Contattaci\" data-gdpr-atts={} >Contattaci<\/a><style>.tatsu-By4StZnTkY .tatsu-button{background-color: #72b529;color: #ffffff ;border-width: 1px;border-color: #72b529; }.tatsu-By4StZnTkY .tatsu-button:hover{background-color: #000000;color: #ffffff ;border-color: #000000; }<\/style><\/div><\/div><\/div><div class = \"tatsu-column-bg-image-wrap\"><div class = \"tatsu-column-bg-image tatsu-bg-lazyload\" data-src = \"\"><\/div><\/div><\/div><style>.tatsu-row > .tatsu-HkZBY-2akF.tatsu-column{width: 50%;}.tatsu-HkZBY-2akF.tatsu-column > .tatsu-column-inner > .tatsu-column-overlay{mix-blend-mode: none;}.tatsu-HkZBY-2akF > .tatsu-column-inner > .tatsu-top-divider{z-index: 9999;}.tatsu-HkZBY-2akF > .tatsu-column-inner > .tatsu-bottom-divider{z-index: 9999;}.tatsu-HkZBY-2akF > .tatsu-column-inner > .tatsu-left-divider{z-index: 9999;}.tatsu-HkZBY-2akF > .tatsu-column-inner > .tatsu-right-divider{z-index: 9999;}@media only screen and (max-width: 767px) {.tatsu-row > .tatsu-HkZBY-2akF.tatsu-column{width: 100%;}}<\/style><\/div><div  class=\"tatsu-column  tatsu-column-no-bg tatsu-column-empty tatsu-one-half tatsu-column-image-none tatsu-column-effect-none  tatsu-S1BrY-hpkt\"  data-parallax-speed=\"0\" style=\"\"><div class=\"tatsu-column-inner \" ><div class=\"tatsu-column-pad-wrap\"><div class=\"tatsu-column-pad\" ><\/div><\/div><div class = \"tatsu-column-bg-image-wrap\"><div class = \"tatsu-column-bg-image tatsu-bg-lazyload\" data-src = \"\"><\/div><\/div><\/div><style>.tatsu-row > .tatsu-S1BrY-hpkt.tatsu-column{width: 50%;}.tatsu-S1BrY-hpkt.tatsu-column > .tatsu-column-inner > .tatsu-column-overlay{mix-blend-mode: none;}.tatsu-S1BrY-hpkt > .tatsu-column-inner > .tatsu-top-divider{z-index: 9999;}.tatsu-S1BrY-hpkt > .tatsu-column-inner > .tatsu-bottom-divider{z-index: 9999;}.tatsu-S1BrY-hpkt > .tatsu-column-inner > .tatsu-left-divider{z-index: 9999;}.tatsu-S1BrY-hpkt > .tatsu-column-inner > .tatsu-right-divider{z-index: 9999;}@media only screen and (max-width: 767px) {.tatsu-row > .tatsu-S1BrY-hpkt.tatsu-column{width: 100%;}}<\/style><\/div><\/div><\/div><\/div><div class=\"tatsu-section-background-wrap\"><div class = \"tatsu-bg-blur\" style = \"background-image : url(data:image\/jpeg;base64,\/9j\/4AAQSkZJRgABAQEAYABgAAD\/4QC0RXhpZgAATU0AKgAAAAgABwESAAMAAAABAAEAAAEaAAUAAAABAAAAYgEbAAUAAAABAAAAagEoAAMAAAABAAIAAAExAAIAAAAGAAAAcgE7AAIAAAAKAAAAeIdpAAQAAAABAAAAggAAAAAAAABgAAAAAQAAAGAAAAABQ2FudmEAQWxpIFFlaGFqAAADoAEAAwAAAAEAAQAAoAIABAAAAAEAAAeAoAMABAAAAAEAAAQ4AAAAAP\/tAExQaG90b3Nob3AgMy4wADhCSU0EBAAAAAAALxwBWgADGyVHHAIAAAIAAhwCUAAJQWxpIFFlaGFqHAIFAA1XZWIgQW5hbHl0aWNzAP\/hCzpodHRwOi8vbnMuYWRvYmUuY29tL3hhcC8xLjAvADw\/eHBhY2tldCBiZWdpbj0i77u\/IiBpZD0iVzVNME1wQ2VoaUh6cmVTek5UY3prYzlkIj8+IDx4OnhtcG1ldGEgeG1sbnM6eD0iYWRvYmU6bnM6bWV0YS8iIHg6eG1wdGs9IlhNUCBDb3JlIDUuNC4wIj4gPHJkZjpSREYgeG1sbnM6cmRmPSJodHRwOi8vd3d3LnczLm9yZy8xOTk5LzAyLzIyLXJkZi1zeW50YXgtbnMjIj4gPHJkZjpEZXNjcmlwdGlvbiByZGY6YWJvdXQ9IiIgeG1sbnM6eG1wPSJodHRwOi8vbnMuYWRvYmUuY29tL3hhcC8xLjAvIiB4bWxuczpkYz0iaHR0cDovL3B1cmwub3JnL2RjL2VsZW1lbnRzLzEuMS8iIHhtbG5zOkF0dHJpYj0iaHR0cDovL25zLmF0dHJpYnV0aW9uLmNvbS9hZHMvMS4wLyIgeG1wOkNyZWF0b3JUb29sPSJDYW52YSI+IDxkYzp0aXRsZT4gPHJkZjpBbHQ+IDxyZGY6bGkgeG1sOmxhbmc9IngtZGVmYXVsdCI+V2ViIEFuYWx5dGljczwvcmRmOmxpPiA8L3JkZjpBbHQ+IDwvZGM6dGl0bGU+IDxkYzpjcmVhdG9yPiA8cmRmOlNlcT4gPHJkZjpsaT5BbGkgUWVoYWo8L3JkZjpsaT4gPC9yZGY6U2VxPiA8L2RjOmNyZWF0b3I+IDxBdHRyaWI6QWRzPiA8cmRmOlNlcT4gPHJkZjpsaSBBdHRyaWI6VG91Y2hUeXBlPSIyIiBBdHRyaWI6Q3JlYXRlZD0iMjAyMS0wOC0wOSIgQXR0cmliOkV4dElkPSI3YTc4MTNhYS1iOWZhLTQwOTctYjJiYS02MzJmZjRkYmI2ZmYiIEF0dHJpYjpGYklkPSI1MjUyNjU5MTQxNzk1ODAiLz4gPC9yZGY6U2VxPiA8L0F0dHJpYjpBZHM+IDwvcmRmOkRlc2NyaXB0aW9uPiA8L3JkZjpSREY+IDwveDp4bXBtZXRhPiAgICAgICAgICAgICAgICAgICAgICAgICAgICAgICAgICAgICAgICAgICAgICAgICAgICAgICAgICAgICAgICAgICAgICAgICAgICAgICAgICAgICAgICAgICAgICAgICAgICAgICAgICAgICAgICAgICAgICAgICAgICAgICAgICAgICAgICAgICAgICAgICAgICAgICAgICAgICAgICAgICAgICAgICAgICAgICAgICAgICAgICAgICAgICAgICAgICAgICAgICAgICAgICAgICAgICAgICAgICAgICAgICAgICAgICAgICAgICAgICAgICAgICAgICAgICAgICAgICAgICAgICAgICAgICAgICAgICAgICAgICAgICAgICAgICAgICAgICAgICAgICAgICAgICAgICAgICAgICAgICAgICAgICAgICAgICAgICAgICAgICAgICAgICAgICAgICAgICAgICAgICAgICAgICAgICAgICAgICAgICAgICAgICAgICAgICAgICAgICAgICAgICAgICAgICAgICAgICAgICAgICAgICAgICAgICAgICAgICAgICAgICAgICAgICAgICAgICAgICAgICAgICAgICAgICAgICAgICAgICAgICAgICAgICAgICAgICAgICAgICAgICAgICAgICAgICAgICAgICAgICAgICAgICAgICAgICAgICAgICAgICAgICAgICAgICAgICAgICAgICAgICAgICAgICAgICAgICAgICAgICAgICAgICAgICAgICAgICAgICAgICAgICAgICAgICAgICAgICAgICAgICAgICAgICAgICAgICAgICAgICAgICAgICAgICAgICAgICAgICAgICAgICAgICAgICAgICAgICAgICAgICAgICAgICAgICAgICAgICAgICAgICAgICAgICAgICAgICAgICAgICAgICAgICAgICAgICAgICAgICAgICAgICAgICAgICAgICAgICAgICAgICAgICAgICAgICAgICAgICAgICAgICAgICAgICAgICAgICAgICAgICAgICAgICAgICAgICAgICAgICAgICAgICAgICAgICAgICAgICAgICAgICAgICAgICAgICAgICAgICAgICAgICAgICAgICAgICAgICAgICAgICAgICAgICAgICAgICAgICAgICAgICAgICAgICAgICAgICAgICAgICAgICAgICAgICAgICAgICAgICAgICAgICAgICAgICAgICAgICAgICAgICAgICAgICAgICAgICAgICAgICAgICAgICAgICAgICAgICAgICAgICAgICAgICAgICAgICAgICAgICAgICAgICAgICAgICAgICAgICAgICAgICAgICAgICAgICAgICAgICAgICAgICAgICAgICAgICAgICAgICAgICAgICAgICAgICAgICAgICAgICAgICAgICAgICAgICAgICAgICAgICAgICAgICAgICAgICAgICAgICAgICAgICAgICAgICAgICAgICAgICAgICAgICAgICAgICAgICAgICAgICAgICAgICAgICAgICAgICAgICAgICAgICAgICAgICAgICAgICAgICAgICAgICAgICAgICAgICAgICAgICAgICAgICAgICAgICAgICAgICAgICAgICAgICAgICAgICAgICAgICAgICAgICAgICAgICAgICAgICAgICAgICAgICAgICAgICAgICAgICAgICAgICAgICAgICAgICAgICAgICAgICAgICAgICAgICAgICAgICAgICAgICAgICAgICAgICAgICAgICAgICAgICAgICAgICAgICAgICAgICAgICAgICAgICAgICAgICAgICAgICAgICAgICAgICAgICAgICAgICAgICAgICAgICAgICAgICAgICAgICAgICAgICAgICAgICAgICAgICAgICAgICAgICAgICAgICAgICAgICAgICAgICAgICAgICAgICAgICAgICAgICAgICAgICAgICAgICAgICAgICAgICAgICAgICAgICAgICAgICAgICAgICAgICAgICAgICAgICAgICAgICAgICAgICAgICAgICAgICAgICAgICAgICAgICAgICAgICAgICAgICAgICAgICAgICAgICAgICAgICAgICAgICAgICAgICAgICAgICAgICAgICAgICAgICAgICAgICAgICAgICAgICAgICAgICAgICAgICAgICAgICAgICAgICAgICAgICAgICAgICAgICAgICAgICAgICAgICAgICAgICAgICAgICAgICAgICAgICAgICAgICAgICAgICAgICAgICAgICAgICAgICAgICAgICAgICAgICAgICAgICAgICAgICAgICAgICAgICAgICAgICAgICAgICAgICAgICAgICAgICAgICAgICAgICAgICAgICAgICAgICAgICAgICAgICAgICAgICAgICAgICAgICAgICAgICAgICAgICAgICAgICAgICAgICAgICAgICAgICAgICAgICAgICAgICAgICAgICAgICAgICAgICAgICAgICAgICAgICAgICAgICAgICAgICAgICAgICAgICAgICAgICAgICAgICAgICAgICAgICAgICAgICAgICAgICAgICAgICAgICAgICAgICAgICAgICAgICAgICAgICAgIDw\/eHBhY2tldCBlbmQ9InciPz4A\/9sAQwAGBAQFBAQGBQUFBgYGBwkOCQkICAkSDQ0KDhUSFhYVEhQUFxohHBcYHxkUFB0nHR8iIyUlJRYcKSwoJCshJCUk\/9sAQwEGBgYJCAkRCQkRJBgUGCQkJCQkJCQkJCQkJCQkJCQkJCQkJCQkJCQkJCQkJCQkJCQkJCQkJCQkJCQkJCQkJCQk\/8AAEQgAHAAyAwEiAAIRAQMRAf\/EABoAAAIDAQEAAAAAAAAAAAAAAAAHBAUGAwj\/xAAvEAABAwMDAgQFBAMAAAAAAAABAgMEAAURBhIhMUETUXGBFBUiMmEHCJHwYqGx\/8QAGAEBAQEBAQAAAAAAAAAAAAAABQECAwT\/xAAjEQABBAICAAcAAAAAAAAAAAABAAIDEQQSIWETIzEyQVHw\/9oADAMBAAIRAxEAPwBORGwas0tpbbUsjhIycVFjoU22X39rLZP3uEITn3qY3IaeaWUK3AEpJwR\/2ugHypYUi0aYn6klNGO4zHYwCS8ccH0pmfPRoFtq22+PFlNp3K2mX9uTkkkjzNLex6gRH8OG1BedkYwXPEO0Y\/x6eVNPSNif1PcGJk5kIYQQsIVtUTxydoH9xSrcSA+YPSvteB0k4dqar90m5pqWmXDU+notgL\/nBpAfugtbkx2BOaYB+EjkOqyMhO4YPpk072LhDtEibDS4DlsBpCeSfxx0NKj9WNRaMkocmy7it64JiGObWDkL5yN+M7VA89fah3myQzlIxAD38WvLvxKx3FFSnG2CtRDTSQScAZ4\/3RV8MqbdrXl1V0jqRvKVJy4k54UfIDkk+gqy0pZnZzqor7chKlKylLQyffrjt1xV2m1RLUwrwWgtOAopc5yfXrj8ZrTRbo98qW0whqIwACWYyfDSsnuoj6j\/ADWZc8SRW7pWHBLJaae0WWyQ9OyG3X7bblrZUC4t5CnnFjPTCjsHHcJzW2l620qmCXbnf220KSCIrZKA2c42+GEjI9vzWOffEeM0htlkB1RB+npj+981k9eRGXYLgW2CtgFba84KeB26Y58qLjyC92jySClXwhjd2gWFc611zo1izpVbfiZkwbVtMqK2vDXzhRIxkA9u9IebNW84palErUoqUrPJNcpEhzJG6ogUVK5NKsY2IatRkkhkOxXbeaK50VbWF\/\/Z);\"\"><\/div><div class = \"tatsu-section-background tatsu-bg-lazyload\" data-src = \"https:\/\/targetwing.com\/wp-content\/uploads\/2021\/08\/web-analytics-targetwing.jpg\"><\/div><\/div><div class=\"tatsu-overlay tatsu-section-overlay\"><\/div><\/div><style>.tatsu-Hkrt-npyK.tatsu-section{background-color: rgba(29,29,29,1);}.tatsu-Hkrt-npyK .tatsu-section-background{background-image: url(https:\/\/targetwing.com\/wp-content\/uploads\/2021\/08\/web-analytics-targetwing.jpg);background-repeat: no-repeat;background-attachment: scroll;background-position: center center;background-size: cover;}.tatsu-Hkrt-npyK .tatsu-bg-blur{background-repeat: no-repeat;background-attachment: scroll;background-position: center center;background-size: cover;}.tatsu-Hkrt-npyK{border-width: 0px 0px px 0px;border-style: solid;}.tatsu-Hkrt-npyK .tatsu-section-pad{padding: 90px 0% 90px 0%;}.tatsu-Hkrt-npyK > .tatsu-bottom-divider{z-index: 9999;}.tatsu-Hkrt-npyK > .tatsu-top-divider{z-index: 9999;}.tatsu-Hkrt-npyK .tatsu-section-overlay{background: rgba(0,0,0,0.8);mix-blend-mode: normal;}.tatsu-Hkrt-npyK .tatsu-fullscreen-wrap{align-items: center;}<\/style><\/div><div  class=\"tatsu-ryh0kLTkK tatsu-section    tatsu-clearfix\" data-title=\"\"  data-headerscheme=\"background--dark\"><div class='tatsu-section-pad clearfix' data-padding='{\"d\":\"90px 0px 90px 0px\"}' data-padding-top='90px'><div class=\"tatsu-row-wrap  tatsu-wrap tatsu-row-one-col tatsu-row-has-one-cols tatsu-medium-gutter tatsu-reg-cols  tatsu-clearfix tatsu-rkx2AJL6JF\" ><div  class=\"tatsu-row \" ><div  class=\"tatsu-column  tatsu-column-no-bg tatsu-one-col tatsu-column-image-none tatsu-column-effect-none  tatsu-HJZh0kIa1t\"  data-parallax-speed=\"0\" style=\"\"><div class=\"tatsu-column-inner \" ><div class=\"tatsu-column-pad-wrap\"><div class=\"tatsu-column-pad\" ><div  class=\"tatsu-module tatsu-inline-text clearfix tatsu-H1G2RJUpJK   \" ><style>.tatsu-H1G2RJUpJK .tatsu-inline-text-inner{width: 100%;text-align: left;}.tatsu-H1G2RJUpJK.tatsu-inline-text{margin: 0px 0px 10px 0px ;}<\/style><div class=\"tatsu-inline-text-inner tatsu-align-center\">\n<h3 style=\"text-align: center;\">Informazioni sui nostri servizi Web Analytics<\/h3>\n<\/div><\/div><\/div><\/div><div class = \"tatsu-column-bg-image-wrap\"><div class = \"tatsu-column-bg-image tatsu-bg-lazyload\" data-src = \"\"><\/div><\/div><\/div><style>.tatsu-row > .tatsu-HJZh0kIa1t.tatsu-column{width: 100%;}.tatsu-HJZh0kIa1t.tatsu-column > .tatsu-column-inner > .tatsu-column-overlay{mix-blend-mode: none;}.tatsu-HJZh0kIa1t > .tatsu-column-inner > .tatsu-top-divider{z-index: 9999;}.tatsu-HJZh0kIa1t > .tatsu-column-inner > .tatsu-bottom-divider{z-index: 9999;}.tatsu-HJZh0kIa1t > .tatsu-column-inner > .tatsu-left-divider{z-index: 9999;}.tatsu-HJZh0kIa1t > .tatsu-column-inner > .tatsu-right-divider{z-index: 9999;}@media only screen and (max-width:1377px) {.tatsu-row > .tatsu-HJZh0kIa1t.tatsu-column{width: 100%;}}@media only screen and (min-width:768px) and (max-width: 1024px) {.tatsu-row > .tatsu-HJZh0kIa1t.tatsu-column{width: 100%;}}@media only screen and (max-width: 767px) {.tatsu-row > .tatsu-HJZh0kIa1t.tatsu-column{width: 100%;}}<\/style><\/div><\/div><\/div><div class=\"tatsu-row-wrap  tatsu-wrap tatsu-row-one-col tatsu-row-has-one-cols tatsu-medium-gutter tatsu-reg-cols  tatsu-clearfix tatsu-ByV3CkUTyF\" ><style>.tatsu-ByV3CkUTyF.tatsu-row-wrap > .tatsu-row{padding: 0px 10% 0px 10%;}@media only screen and (min-width:768px) and (max-width: 1024px) {.tatsu-ByV3CkUTyF.tatsu-row-wrap > .tatsu-row{padding: 0px 0% 0px 0%;}}@media only screen and (max-width: 767px) {.tatsu-ByV3CkUTyF.tatsu-row-wrap > .tatsu-row{padding: 0px 0% 0px 0%;}}<\/style><div  class=\"tatsu-row \" ><div  class=\"tatsu-column  tatsu-column-no-bg tatsu-one-col tatsu-column-image-none tatsu-column-effect-none  tatsu-rkHhAkUa1F\"  data-parallax-speed=\"0\" style=\"\"><div class=\"tatsu-column-inner \" ><div class=\"tatsu-column-pad-wrap\"><div class=\"tatsu-column-pad\" ><div  class=\"tatsu-module tatsu-accordion tatsu-accordion-style2 tatsu-Bk8nAkU6yK   \"  ><style>.tatsu-Bk8nAkU6yK .accordion-content.ui-accordion-content{border-color: rgba(221,221,221,1); }.tatsu-Bk8nAkU6yK .accordion-head.ui-accordion-header{border-color: rgba(221,221,221,1); }.tatsu-Bk8nAkU6yK.tatsu-module{margin: 0 0 60px 0;}<\/style><div data-collapsed=\"0\" class = \"tatsu-accordion-inner\"><h3 class=\"accordion-head h5\">Configurazione Google Tag Manager (Client and Server Side):<span class = \"tatsu-accordion-expand\"><\/span><\/h3><div class = \"accordion-content body\" ><div class = \"accordion-content-inner \">\n<p>La corretta configurazione di Google Tag Manager \u00e8 fondamentale per monitorare con precisione il comportamento degli utenti sul tuo sito web. Aiutiamo nell&#8217;implementazione di Google Tag Manager sia lato client che lato server, garantendo una gestione efficiente e accurata dei tag e dei dati. Questo passo essenziale ti permetter\u00e0 di raccogliere informazioni dettagliate sulle interazioni degli utenti, migliorando la tua strategia di marketing online.<\/p>\n<\/div><\/div><h3 class=\"accordion-head h5\">Configurazione Google Analytics 4:<span class = \"tatsu-accordion-expand\"><\/span><\/h3><div class = \"accordion-content body\" ><div class = \"accordion-content-inner \">\n<p>Google Analytics 4 \u00e8 la piattaforma di analisi delle prestazioni pi\u00f9 avanzata di Google. Con il nostro servizio di configurazione, ti aiuteremo a integrare e configurare Google Analytics 4 sul tuo sito web. Questo ti dar\u00e0 accesso a dati di alto valore per comprendere meglio il comportamento degli utenti, tracciare le conversioni e ottimizzare la tua strategia digitale.<\/p>\n<\/div><\/div><h3 class=\"accordion-head h5\">Audit Google Analytics 4 per conformit\u00e0 GDPR:<span class = \"tatsu-accordion-expand\"><\/span><\/h3><div class = \"accordion-content body\" ><div class = \"accordion-content-inner \">\n<p>La conformit\u00e0 al GDPR \u00e8 cruciale per garantire la protezione dei dati dei tuoi utenti. Il nostro team eseguir\u00e0 un audit completo del tuo account Google Analytics 4 per assicurarsi che sia in linea con le leggi sulla privacy e che tutti i dati siano gestiti in modo sicuro e conforme. Valutazione della conformit\u00e0 al GDPR per aiutarti a rispettare i regolamenti vigenti, mantenendo la fiducia dei tuoi utenti.<\/p>\n<\/div><\/div><\/div><\/div><\/div><\/div><div class = \"tatsu-column-bg-image-wrap\"><div class = \"tatsu-column-bg-image tatsu-bg-lazyload\" data-src = \"\"><\/div><\/div><\/div><style>.tatsu-row > .tatsu-rkHhAkUa1F.tatsu-column{width: 100%;}.tatsu-rkHhAkUa1F.tatsu-column > .tatsu-column-inner > .tatsu-column-overlay{mix-blend-mode: none;}.tatsu-rkHhAkUa1F > .tatsu-column-inner > .tatsu-top-divider{z-index: 9999;}.tatsu-rkHhAkUa1F > .tatsu-column-inner > .tatsu-bottom-divider{z-index: 9999;}.tatsu-rkHhAkUa1F > .tatsu-column-inner > .tatsu-left-divider{z-index: 9999;}.tatsu-rkHhAkUa1F > .tatsu-column-inner > .tatsu-right-divider{z-index: 9999;}@media only screen and (max-width:1377px) {.tatsu-row > .tatsu-rkHhAkUa1F.tatsu-column{width: 100%;}}@media only screen and (min-width:768px) and (max-width: 1024px) {.tatsu-row > .tatsu-rkHhAkUa1F.tatsu-column{width: 100%;}}@media only screen and (max-width: 767px) {.tatsu-row > .tatsu-rkHhAkUa1F.tatsu-column{width: 100%;}}<\/style><\/div><\/div><\/div><\/div><div class=\"tatsu-section-background-wrap\"><div class = \"tatsu-section-background tatsu-bg-lazyload\" data-src = \"\"><\/div><\/div><style>.tatsu-ryh0kLTkK.tatsu-section{background-color: rgba(255,255,255,1);}.tatsu-ryh0kLTkK .tatsu-section-pad{padding: 90px 0px 90px 0px;}.tatsu-ryh0kLTkK > .tatsu-bottom-divider{z-index: 9999;}.tatsu-ryh0kLTkK > .tatsu-top-divider{z-index: 9999;}<\/style><\/div><div  class=\"tatsu-Hyg6RBmZT tatsu-section    tatsu-clearfix\" data-title=\"\"  data-headerscheme=\"background--dark\"><div class='tatsu-section-pad clearfix' data-padding='{\"d\":\"90px 0% 0px 0% \"}' data-padding-top='90px'><div class=\"tatsu-row-wrap  tatsu-wrap tatsu-row-has-one-half tatsu-row-has-two-cols tatsu-zero-margin tatsu-no-gutter tatsu-eq-cols  tatsu-clearfix tatsu-HygxTRSmba\" ><div  class=\"tatsu-row \" ><div  class=\"tatsu-column  tatsu-column-no-bg tatsu-one-half tatsu-column-align-bottom tatsu-column-image-none tatsu-column-effect-none  tatsu-H1Zg6CSQbp\"  data-parallax-speed=\"0\" style=\"\"><div class=\"tatsu-column-inner \" ><div class=\"tatsu-column-pad-wrap\"><div class=\"tatsu-column-pad\" ><div  class=\"tatsu-single-image tatsu-module tatsu-SkGl60HmWT  \" ><div class=\"tatsu-single-image-inner \" style=\"width : 787px;\" ><div class = \"tatsu-single-image-padding-wrap\" style = \"padding-bottom : 151.46124523507%;\" ><\/div><img class = \"tatsu-gradient-border\" alt = \"Ali Qehaj\" title = \"Ali Qehaj\" src = \"https:\/\/i0.wp.com\/targetwing.com\/wp-content\/uploads\/2021\/08\/Ali-Qehaj.png?fit=787%2C1192&ssl=1\" \/><\/div><style>.tatsu-SkGl60HmWT{margin: 0px 0px 0px 0px;}.tatsu-SkGl60HmWT .tatsu-single-image-inner{border-style: solid;max-width: 100%;}.tatsu-SkGl60HmWT.tatsu-single-image{transform: translate3d(0px,0px, 0);}<\/style><\/div><\/div><\/div><div class = \"tatsu-column-bg-image-wrap\"><div class = \"tatsu-column-bg-image tatsu-bg-lazyload\" data-src = \"\"><\/div><\/div><\/div><style>.tatsu-row > .tatsu-H1Zg6CSQbp.tatsu-column{width: 50%;}.tatsu-H1Zg6CSQbp.tatsu-column > .tatsu-column-inner > .tatsu-column-pad-wrap > .tatsu-column-pad{padding: 0px 30px 0px 30px ;}.tatsu-H1Zg6CSQbp.tatsu-column > .tatsu-column-inner > .tatsu-column-overlay{mix-blend-mode: none;}.tatsu-H1Zg6CSQbp > .tatsu-column-inner > .tatsu-top-divider{z-index: 9999;}.tatsu-H1Zg6CSQbp > .tatsu-column-inner > .tatsu-bottom-divider{z-index: 9999;}.tatsu-H1Zg6CSQbp > .tatsu-column-inner > .tatsu-left-divider{z-index: 9999;}.tatsu-H1Zg6CSQbp > .tatsu-column-inner > .tatsu-right-divider{z-index: 9999;}@media only screen and (max-width: 767px) {.tatsu-row > .tatsu-H1Zg6CSQbp.tatsu-column{width: 100%;}}<\/style><\/div><div  class=\"tatsu-column  tatsu-column-no-bg tatsu-one-half tatsu-column-align-middle tatsu-column-image-none tatsu-column-effect-none  tatsu-Bk7gaCBXWp\"  data-parallax-speed=\"0\" style=\"\"><div class=\"tatsu-column-inner \" ><div class=\"tatsu-column-pad-wrap\"><div class=\"tatsu-column-pad\" ><div  class=\"tatsu-module tatsu-title-icon  tatsu-animate tatsu-r1Ve6CSX-6  \" data-animation=\"fadeInRight\"  ><span class=\"tatsu-ti-wrap tatsu-ti medium circled align-left\" ><i class=\"tatsu-icon-bar-chart-2 tatsu-ti tatsu-ti-icon\"><\/i><\/span><div class=\"tatsu-tc tatsu-tc-custom-space align-left medium circled\">\n<h6>Esperienza<\/h6>\n<p>Lavoriamo quotidianamente nel campo della web analytics e del GDPR!<\/p>\n<\/div><style>.tatsu-r1Ve6CSX-6 .tatsu-ti-wrap.circled{background: rgba(37,37,37,1);box-shadow: 0px 0px 0px 0px rgba(0,0,0,0);}.tatsu-r1Ve6CSX-6 .tatsu-ti-icon{color: rgba(255,255,255,1) ;}<\/style><\/div><div  class=\"tatsu-module tatsu-title-icon  tatsu-animate tatsu-H1re6ASmWT  \" data-animation=\"fadeInRight\"  ><span class=\"tatsu-ti-wrap tatsu-ti medium circled align-left\" ><i class=\"tatsu-icon-add-user tatsu-ti tatsu-ti-icon\"><\/i><\/span><div class=\"tatsu-tc tatsu-tc-custom-space align-left medium circled\">\n<h6>Personalizzazione<\/h6>\n<p>I nostri servizi sono personalizzati per soddisfare le tue esigenze specifiche.<\/p>\n<\/div><style>.tatsu-H1re6ASmWT .tatsu-ti-wrap.circled{background: rgba(37,37,37,1);box-shadow: 0px 0px 0px 0px rgba(0,0,0,0);}.tatsu-H1re6ASmWT .tatsu-ti-icon{color: rgba(255,255,255,1) ;}<\/style><\/div><div  class=\"tatsu-module tatsu-title-icon  tatsu-animate tatsu-rkLe6RSQW6  \" data-animation=\"fadeInRight\"  ><span class=\"tatsu-ti-wrap tatsu-ti medium circled align-left\" ><i class=\"tatsu-icon-pencil1 tatsu-ti tatsu-ti-icon\"><\/i><\/span><div class=\"tatsu-tc tatsu-tc-custom-space align-left medium circled\">\n<h6>Risultati Misure<\/h6>\n<p>Ci impegniamo a fornirti dati accurati e dettagliati per ottimizzare la tua presenza online.<\/p>\n<\/div><style>.tatsu-rkLe6RSQW6 .tatsu-ti-wrap.circled{background: rgba(37,37,37,1);box-shadow: 0px 0px 0px 0px rgba(0,0,0,0);}.tatsu-rkLe6RSQW6 .tatsu-ti-icon{color: rgba(255,255,255,1) ;}<\/style><\/div><div  class=\"tatsu-module tatsu-title-icon  tatsu-animate tatsu-Hkf-JUXb6  \" data-animation=\"fadeInRight\"  ><span class=\"tatsu-ti-wrap tatsu-ti medium circled align-left\" ><i class=\"fa fa-unlock-alt tatsu-ti tatsu-ti-icon\"><\/i><\/span><div class=\"tatsu-tc tatsu-tc-custom-space align-left medium circled\">\n<h6>Conformit\u00e0 al GDPR<\/h6>\n<p>La nostra priorit\u00e0 \u00e8 far si che i tuoi dati siano gestiti in modo conforme alle leggi sulla privacy.<\/p>\n<\/div><style>.tatsu-Hkf-JUXb6 .tatsu-ti-wrap.circled{background: rgba(37,37,37,1);box-shadow: 0px 0px 0px 0px rgba(0,0,0,0);}.tatsu-Hkf-JUXb6 .tatsu-ti-icon{color: rgba(255,255,255,1) ;}<\/style><\/div><\/div><\/div><div class = \"tatsu-column-bg-image-wrap\"><div class = \"tatsu-column-bg-image tatsu-bg-lazyload\" data-src = \"\"><\/div><\/div><\/div><style>.tatsu-row > .tatsu-Bk7gaCBXWp.tatsu-column{width: 50%;}.tatsu-Bk7gaCBXWp.tatsu-column > .tatsu-column-inner > .tatsu-column-pad-wrap > .tatsu-column-pad{padding: 10% 0% 10% 10% ;}.tatsu-Bk7gaCBXWp.tatsu-column > .tatsu-column-inner > .tatsu-column-overlay{mix-blend-mode: none;}.tatsu-Bk7gaCBXWp > .tatsu-column-inner > .tatsu-top-divider{z-index: 9999;}.tatsu-Bk7gaCBXWp > .tatsu-column-inner > .tatsu-bottom-divider{z-index: 9999;}.tatsu-Bk7gaCBXWp > .tatsu-column-inner > .tatsu-left-divider{z-index: 9999;}.tatsu-Bk7gaCBXWp > .tatsu-column-inner > .tatsu-right-divider{z-index: 9999;}@media only screen and (max-width: 767px) {.tatsu-row > .tatsu-Bk7gaCBXWp.tatsu-column{width: 100%;}}<\/style><\/div><\/div><\/div><\/div><div class=\"tatsu-section-background-wrap\"><div class = \"tatsu-section-background tatsu-bg-lazyload\" data-src = \"\"><\/div><\/div><style>.tatsu-Hyg6RBmZT.tatsu-section{background-color: rgba(255,255,255,1);}.tatsu-Hyg6RBmZT{border-width: 0px 0px px 0px;border-style: solid;}.tatsu-Hyg6RBmZT .tatsu-section-pad{padding: 90px 0% 0px 0% ;}.tatsu-Hyg6RBmZT > .tatsu-bottom-divider{z-index: 9999;}.tatsu-Hyg6RBmZT > .tatsu-top-divider{z-index: 9999;}<\/style><\/div>\n","protected":false},"excerpt":{"rendered":"<div><a href=\"https:\/\/targetwing.com\/it\/servizi\/web-analytics\/\" class=\"exp-read-more exp-read-more-underlined\">Read More<\/a><\/div>\n","protected":false},"author":1,"featured_media":6296,"parent":6217,"menu_order":0,"comment_status":"closed","ping_status":"closed","template":"page-templates\/page_blank.php","meta":{"content-type":"","footnotes":""},"class_list":["post-6237","page","type-page","status-publish","has-post-thumbnail","hentry"],"jetpack_sharing_enabled":true,"_links":{"self":[{"href":"https:\/\/targetwing.com\/it\/wp-json\/wp\/v2\/pages\/6237","targetHints":{"allow":["GET"]}}],"collection":[{"href":"https:\/\/targetwing.com\/it\/wp-json\/wp\/v2\/pages"}],"about":[{"href":"https:\/\/targetwing.com\/it\/wp-json\/wp\/v2\/types\/page"}],"author":[{"embeddable":true,"href":"https:\/\/targetwing.com\/it\/wp-json\/wp\/v2\/users\/1"}],"replies":[{"embeddable":true,"href":"https:\/\/targetwing.com\/it\/wp-json\/wp\/v2\/comments?post=6237"}],"version-history":[{"count":8,"href":"https:\/\/targetwing.com\/it\/wp-json\/wp\/v2\/pages\/6237\/revisions"}],"predecessor-version":[{"id":6928,"href":"https:\/\/targetwing.com\/it\/wp-json\/wp\/v2\/pages\/6237\/revisions\/6928"}],"up":[{"embeddable":true,"href":"https:\/\/targetwing.com\/it\/wp-json\/wp\/v2\/pages\/6217"}],"wp:featuredmedia":[{"embeddable":true,"href":"https:\/\/targetwing.com\/it\/wp-json\/wp\/v2\/media\/6296"}],"wp:attachment":[{"href":"https:\/\/targetwing.com\/it\/wp-json\/wp\/v2\/media?parent=6237"}],"curies":[{"name":"wp","href":"https:\/\/api.w.org\/{rel}","templated":true}]}}